{"id":152,"date":"2018-06-11T11:07:07","date_gmt":"2018-06-11T09:07:07","guid":{"rendered":"http:\/\/vps801176.ovh.net\/?page_id=152"},"modified":"2019-02-13T12:42:48","modified_gmt":"2019-02-13T11:42:48","slug":"aux-soeurs-des-champs","status":"publish","type":"page","link":"https:\/\/culturesdavenir.fr\/index.php\/aux-soeurs-des-champs\/","title":{"rendered":"Aux soeurs des champs"},"content":{"rendered":"\t\t<div data-elementor-type=\"wp-post\" data-elementor-id=\"152\" class=\"elementor elementor-152 elementor-bc-flex-widget\">\n\t\t\t\t\t\t<div class=\"elementor-inner\">\n\t\t\t\t<div class=\"elementor-section-wrap\">\n\t\t\t\t\t\t\t\t\t<section class=\"elementor-section elementor-top-section elementor-element elementor-element-7bace381 elementor-section-content-middle elementor-section-boxed elementor-section-height-default elementor-section-height-default\" data-id=\"7bace381\" data-element_type=\"section\">\n\t\t\t\t\t\t<div class=\"elementor-container elementor-column-gap-no\">\n\t\t\t\t\t\t\t<div class=\"elementor-row\">\n\t\t\t\t\t<div class=\"elementor-column elementor-col-33 elementor-top-column elementor-element elementor-element-126a847f\" data-id=\"126a847f\" data-element_type=\"column\">\n\t\t\t<div class=\"elementor-column-wrap elementor-element-populated\">\n\t\t\t\t\t\t\t<div class=\"elementor-widget-wrap\">\n\t\t\t\t\t\t<div class=\"elementor-element elementor-element-353990e5 elementor-widget elementor-widget-text-editor\" data-id=\"353990e5\" data-element_type=\"widget\" data-widget_type=\"text-editor.default\">\n\t\t\t\t<div class=\"elementor-widget-container\">\n\t\t\t\t\t\t\t\t<div class=\"elementor-text-editor elementor-clearfix\">\n\t\t\t\t<p>Histoire de producteur &#8211; interview<\/p>\t\t\t\t\t<\/div>\n\t\t\t\t\t\t<\/div>\n\t\t\t\t<\/div>\n\t\t\t\t<div class=\"elementor-element elementor-element-1eb9eb90 elementor-widget elementor-widget-heading\" data-id=\"1eb9eb90\" data-element_type=\"widget\" data-widget_type=\"heading.default\">\n\t\t\t\t<div class=\"elementor-widget-container\">\n\t\t\t<h3 class=\"elementor-heading-title elementor-size-default\">Aux soeurs des champs<\/h3>\t\t<\/div>\n\t\t\t\t<\/div>\n\t\t\t\t<div class=\"elementor-element elementor-element-8ae4381 elementor-widget elementor-widget-image-carousel\" data-id=\"8ae4381\" data-element_type=\"widget\" data-settings=\"{&quot;slides_to_show&quot;:&quot;1&quot;,&quot;navigation&quot;:&quot;none&quot;,&quot;autoplay&quot;:&quot;yes&quot;,&quot;pause_on_hover&quot;:&quot;yes&quot;,&quot;pause_on_interaction&quot;:&quot;yes&quot;,&quot;autoplay_speed&quot;:5000,&quot;infinite&quot;:&quot;yes&quot;,&quot;effect&quot;:&quot;slide&quot;,&quot;speed&quot;:500}\" data-widget_type=\"image-carousel.default\">\n\t\t\t\t<div class=\"elementor-widget-container\">\n\t\t\t\t\t<div class=\"elementor-image-carousel-wrapper swiper-container\" dir=\"ltr\">\n\t\t\t<div class=\"elementor-image-carousel swiper-wrapper\">\n\t\t\t\t\t\t\t\t<div class=\"swiper-slide\"><figure class=\"swiper-slide-inner\"><img class=\"swiper-slide-image\" src=\"https:\/\/culturesdavenir.fr\/wp-content\/uploads\/2018\/06\/IMG_5479_crop-300x267.jpg\" alt=\"IMG_5479_crop\" \/><\/figure><\/div><div class=\"swiper-slide\"><figure class=\"swiper-slide-inner\"><img class=\"swiper-slide-image\" src=\"https:\/\/culturesdavenir.fr\/wp-content\/uploads\/2018\/06\/IMG_5548_crop-300x282.jpg\" alt=\"IMG_5548_crop\" \/><\/figure><\/div>\t\t\t<\/div>\n\t\t\t\t\t\t\t\t\t\t\t\t\t\t\t\t<\/div>\n\t\t\t\t<\/div>\n\t\t\t\t<\/div>\n\t\t\t\t<div class=\"elementor-element elementor-element-7bf53045 elementor-widget-divider--view-line elementor-widget elementor-widget-divider\" data-id=\"7bf53045\" data-element_type=\"widget\" data-widget_type=\"divider.default\">\n\t\t\t\t<div class=\"elementor-widget-container\">\n\t\t\t\t\t<div class=\"elementor-divider\">\n\t\t\t<span class=\"elementor-divider-separator\">\n\t\t\t\t\t\t<\/span>\n\t\t<\/div>\n\t\t\t\t<\/div>\n\t\t\t\t<\/div>\n\t\t\t\t\t\t<\/div>\n\t\t\t\t\t<\/div>\n\t\t<\/div>\n\t\t\t\t<div class=\"elementor-column elementor-col-33 elementor-top-column elementor-element elementor-element-b6c832f\" data-id=\"b6c832f\" data-element_type=\"column\">\n\t\t\t<div class=\"elementor-column-wrap elementor-element-populated\">\n\t\t\t\t\t\t\t<div class=\"elementor-widget-wrap\">\n\t\t\t\t\t\t<div class=\"elementor-element elementor-element-21fc466 elementor-widget elementor-widget-text-editor\" data-id=\"21fc466\" data-element_type=\"widget\" data-widget_type=\"text-editor.default\">\n\t\t\t\t<div class=\"elementor-widget-container\">\n\t\t\t\t\t\t\t\t<div class=\"elementor-text-editor elementor-clearfix\">\n\t\t\t\t<p><span style=\"color: #000000;\"><strong>Bonjour Tamara, Bonjour M\u00e9ghann, pouvez-vous nous pr\u00e9senter rapidement votre ferme ? Que cultivez-vous ? O\u00f9 \u00eates-vous situ\u00e9es ?<\/strong> <\/span><br \/><span style=\"color: #000000;\">Bonjour !\u00a0 <\/span><br \/><span style=\"color: #000000;\">Nous avons un terrain de 5 hectares sur la commune d\u2019Inglange. Nous avons actuellement 70 ares consacr\u00e9s au mara\u00eechage de plein champs en plus de 3 grandes serres. <\/span><br \/><span style=\"color: #000000;\">Le reste du champs est une grande prairie nous comptons \u00e0 terme cultiver 1,5 hectares de mara\u00eechage et garder le reste en prairie ou faire quelques c\u00e9r\u00e9ales. <\/span><br \/><span style=\"color: #000000;\">Nous avons \u00e9galement 18 hectares sur Distroff actuellement en conversion pour que les terres soient certifi\u00e9es AB (NDLR : Agriculture Biologique) dans 3 ans. Nous comptons y cultiver des c\u00e9r\u00e9ales pour nos poules et y \u00e9lever des cochons en plein air (mais pour le moment nous nous concentrons sur la partie mara\u00eechage et poules pondeuses).<\/span><\/p>\t\t\t\t\t<\/div>\n\t\t\t\t\t\t<\/div>\n\t\t\t\t<\/div>\n\t\t\t\t\t\t<\/div>\n\t\t\t\t\t<\/div>\n\t\t<\/div>\n\t\t\t\t<div class=\"elementor-column elementor-col-33 elementor-top-column elementor-element elementor-element-6c46025\" data-id=\"6c46025\" data-element_type=\"column\">\n\t\t\t<div class=\"elementor-column-wrap elementor-element-populated\">\n\t\t\t\t\t\t\t<div class=\"elementor-widget-wrap\">\n\t\t\t\t\t\t<div class=\"elementor-element elementor-element-fe82010 elementor-widget elementor-widget-text-editor\" data-id=\"fe82010\" data-element_type=\"widget\" data-widget_type=\"text-editor.default\">\n\t\t\t\t<div class=\"elementor-widget-container\">\n\t\t\t\t\t\t\t\t<div class=\"elementor-text-editor elementor-clearfix\">\n\t\t\t\t<p><span class=\"ffwd_blog_style_object_message_hide\"><strong>Quel int\u00e9r\u00eat voyez-vous \u00e0 travailler en Amap ?<\/strong><br \/>Avoir une meilleure visibilit\u00e9 pour notre travail et vendre autrement avec plus de liens et de partages avec nos clients amapiens.<br \/>Avoir moins d\u2019invendus qu\u2019avec un march\u00e9 traditionnel et gagner un temps pr\u00e9cieux. <\/span><\/p><p><strong>Qu\u2019est-ce qui vous a amen\u00e9 \u00e0 l\u2019agriculture biologique ?<\/strong><br \/>On ne s\u2019est jamais pos\u00e9 la question du conventionnel, le bio \u00e9tait \u00e9vident pour nous, on n\u2019aurait pas voulu produire autrement.<\/p><p><span class=\"ffwd_blog_style_object_message_hide\"><strong>Quels produits utilisez-vous en agriculture biologique pour lutter contre les \u00ab\u00a0mauvaises herbes\u00a0\u00bb et les insectes et autres animaux un peu trop gourmands ?<\/strong><br \/>Contre \u00ab\u00a0les mauvaises herbes\u00a0\u00bb de l\u2019huile de coude et parfois un peu de l\u00e2ch\u00e9 prise pour les mauvaises herbes qui ne sont pas dans les cultures.<br \/><br \/><\/span><\/p>\t\t\t\t\t<\/div>\n\t\t\t\t\t\t<\/div>\n\t\t\t\t<\/div>\n\t\t\t\t\t\t<\/div>\n\t\t\t\t\t<\/div>\n\t\t<\/div>\n\t\t\t\t\t\t\t\t<\/div>\n\t\t\t\t\t<\/div>\n\t\t<\/section>\n\t\t\t\t<section class=\"elementor-section elementor-top-section elementor-element elementor-element-16ca436 elementor-section-boxed elementor-section-height-default elementor-section-height-default\" data-id=\"16ca436\" data-element_type=\"section\">\n\t\t\t\t\t\t<div class=\"elementor-container elementor-column-gap-default\">\n\t\t\t\t\t\t\t<div class=\"elementor-row\">\n\t\t\t\t\t<div class=\"elementor-column elementor-col-100 elementor-top-column elementor-element elementor-element-8456eb9\" data-id=\"8456eb9\" data-element_type=\"column\">\n\t\t\t<div class=\"elementor-column-wrap elementor-element-populated\">\n\t\t\t\t\t\t\t<div class=\"elementor-widget-wrap\">\n\t\t\t\t\t\t<div class=\"elementor-element elementor-element-bee11c4 elementor-pagination-position-inside elementor-arrows-position-inside elementor-invisible elementor-widget elementor-widget-image-carousel\" data-id=\"bee11c4\" data-element_type=\"widget\" data-settings=\"{&quot;_animation&quot;:&quot;slideInLeft&quot;,&quot;navigation&quot;:&quot;both&quot;,&quot;autoplay&quot;:&quot;yes&quot;,&quot;pause_on_hover&quot;:&quot;yes&quot;,&quot;pause_on_interaction&quot;:&quot;yes&quot;,&quot;autoplay_speed&quot;:5000,&quot;infinite&quot;:&quot;yes&quot;,&quot;speed&quot;:500}\" data-widget_type=\"image-carousel.default\">\n\t\t\t\t<div class=\"elementor-widget-container\">\n\t\t\t\t\t<div class=\"elementor-image-carousel-wrapper swiper-container\" dir=\"ltr\">\n\t\t\t<div class=\"elementor-image-carousel swiper-wrapper\">\n\t\t\t\t\t\t\t\t<div class=\"swiper-slide\"><a data-elementor-open-lightbox=\"yes\" data-elementor-lightbox-slideshow=\"bee11c4\" data-elementor-lightbox-title=\"IMG_5225\" data-elementor-lightbox-description=\"http:\/\/vps801176.ovh.net\/wp-content\/uploads\/2018\/06\/IMG_5225.jpg\" e-action-hash=\"#elementor-action%3Aaction%3Dlightbox%26settings%3DeyJpZCI6MjYwLCJ1cmwiOiJodHRwczpcL1wvY3VsdHVyZXNkYXZlbmlyLmZyXC93cC1jb250ZW50XC91cGxvYWRzXC8yMDE4XC8wNlwvSU1HXzUyMjUuanBnIiwic2xpZGVzaG93IjoiYmVlMTFjNCJ9\" href=\"https:\/\/culturesdavenir.fr\/wp-content\/uploads\/2018\/06\/IMG_5225.jpg\"><figure class=\"swiper-slide-inner\"><img class=\"swiper-slide-image\" src=\"https:\/\/culturesdavenir.fr\/wp-content\/uploads\/2018\/06\/IMG_5225-300x200.jpg\" alt=\"IMG_5225\" \/><\/figure><\/a><\/div><div class=\"swiper-slide\"><a data-elementor-open-lightbox=\"yes\" data-elementor-lightbox-slideshow=\"bee11c4\" data-elementor-lightbox-title=\"IMG_5385\" data-elementor-lightbox-description=\"http:\/\/vps801176.ovh.net\/wp-content\/uploads\/2018\/06\/IMG_5385.jpg\" e-action-hash=\"#elementor-action%3Aaction%3Dlightbox%26settings%3DeyJpZCI6MjU5LCJ1cmwiOiJodHRwczpcL1wvY3VsdHVyZXNkYXZlbmlyLmZyXC93cC1jb250ZW50XC91cGxvYWRzXC8yMDE4XC8wNlwvSU1HXzUzODUuanBnIiwic2xpZGVzaG93IjoiYmVlMTFjNCJ9\" href=\"https:\/\/culturesdavenir.fr\/wp-content\/uploads\/2018\/06\/IMG_5385.jpg\"><figure class=\"swiper-slide-inner\"><img class=\"swiper-slide-image\" src=\"https:\/\/culturesdavenir.fr\/wp-content\/uploads\/2018\/06\/IMG_5385-300x200.jpg\" alt=\"IMG_5385\" \/><\/figure><\/a><\/div><div class=\"swiper-slide\"><a data-elementor-open-lightbox=\"yes\" data-elementor-lightbox-slideshow=\"bee11c4\" data-elementor-lightbox-title=\"IMG_5401\" data-elementor-lightbox-description=\"http:\/\/vps801176.ovh.net\/wp-content\/uploads\/2018\/06\/IMG_5401.jpg\" e-action-hash=\"#elementor-action%3Aaction%3Dlightbox%26settings%3DeyJpZCI6MjU4LCJ1cmwiOiJodHRwczpcL1wvY3VsdHVyZXNkYXZlbmlyLmZyXC93cC1jb250ZW50XC91cGxvYWRzXC8yMDE4XC8wNlwvSU1HXzU0MDEuanBnIiwic2xpZGVzaG93IjoiYmVlMTFjNCJ9\" href=\"https:\/\/culturesdavenir.fr\/wp-content\/uploads\/2018\/06\/IMG_5401.jpg\"><figure class=\"swiper-slide-inner\"><img class=\"swiper-slide-image\" src=\"https:\/\/culturesdavenir.fr\/wp-content\/uploads\/2018\/06\/IMG_5401-300x200.jpg\" alt=\"IMG_5401\" \/><\/figure><\/a><\/div><div class=\"swiper-slide\"><a data-elementor-open-lightbox=\"yes\" data-elementor-lightbox-slideshow=\"bee11c4\" data-elementor-lightbox-title=\"IMG_5416\" data-elementor-lightbox-description=\"http:\/\/vps801176.ovh.net\/wp-content\/uploads\/2018\/06\/IMG_5416.jpg\" e-action-hash=\"#elementor-action%3Aaction%3Dlightbox%26settings%3DeyJpZCI6MjU3LCJ1cmwiOiJodHRwczpcL1wvY3VsdHVyZXNkYXZlbmlyLmZyXC93cC1jb250ZW50XC91cGxvYWRzXC8yMDE4XC8wNlwvSU1HXzU0MTYuanBnIiwic2xpZGVzaG93IjoiYmVlMTFjNCJ9\" href=\"https:\/\/culturesdavenir.fr\/wp-content\/uploads\/2018\/06\/IMG_5416.jpg\"><figure class=\"swiper-slide-inner\"><img class=\"swiper-slide-image\" src=\"https:\/\/culturesdavenir.fr\/wp-content\/uploads\/2018\/06\/IMG_5416-300x200.jpg\" alt=\"IMG_5416\" \/><\/figure><\/a><\/div><div class=\"swiper-slide\"><a data-elementor-open-lightbox=\"yes\" data-elementor-lightbox-slideshow=\"bee11c4\" data-elementor-lightbox-title=\"IMG_5597\" data-elementor-lightbox-description=\"http:\/\/vps801176.ovh.net\/wp-content\/uploads\/2018\/06\/IMG_5597.jpg\" e-action-hash=\"#elementor-action%3Aaction%3Dlightbox%26settings%3DeyJpZCI6MjU0LCJ1cmwiOiJodHRwczpcL1wvY3VsdHVyZXNkYXZlbmlyLmZyXC93cC1jb250ZW50XC91cGxvYWRzXC8yMDE4XC8wNlwvSU1HXzU1OTcuanBnIiwic2xpZGVzaG93IjoiYmVlMTFjNCJ9\" href=\"https:\/\/culturesdavenir.fr\/wp-content\/uploads\/2018\/06\/IMG_5597.jpg\"><figure class=\"swiper-slide-inner\"><img class=\"swiper-slide-image\" src=\"https:\/\/culturesdavenir.fr\/wp-content\/uploads\/2018\/06\/IMG_5597-300x200.jpg\" alt=\"IMG_5597\" \/><\/figure><\/a><\/div>\t\t\t<\/div>\n\t\t\t\t\t\t\t\t\t\t\t\t<div class=\"swiper-pagination\"><\/div>\n\t\t\t\t\t\t\t\t\t\t\t\t\t<div class=\"elementor-swiper-button elementor-swiper-button-prev\">\n\t\t\t\t\t\t<i aria-hidden=\"true\" class=\"eicon-chevron-left\"><\/i>\t\t\t\t\t\t<span class=\"elementor-screen-only\">Previous<\/span>\n\t\t\t\t\t<\/div>\n\t\t\t\t\t<div class=\"elementor-swiper-button elementor-swiper-button-next\">\n\t\t\t\t\t\t<i aria-hidden=\"true\" class=\"eicon-chevron-right\"><\/i>\t\t\t\t\t\t<span class=\"elementor-screen-only\">Next<\/span>\n\t\t\t\t\t<\/div>\n\t\t\t\t\t\t\t\t\t<\/div>\n\t\t\t\t<\/div>\n\t\t\t\t<\/div>\n\t\t\t\t\t\t<\/div>\n\t\t\t\t\t<\/div>\n\t\t<\/div>\n\t\t\t\t\t\t\t\t<\/div>\n\t\t\t\t\t<\/div>\n\t\t<\/section>\n\t\t\t\t<section class=\"elementor-section elementor-top-section elementor-element elementor-element-de13e6e elementor-section-content-middle elementor-section-boxed elementor-section-height-default elementor-section-height-default\" data-id=\"de13e6e\" data-element_type=\"section\">\n\t\t\t\t\t\t<div class=\"elementor-container elementor-column-gap-no\">\n\t\t\t\t\t\t\t<div class=\"elementor-row\">\n\t\t\t\t\t<div class=\"elementor-column elementor-col-50 elementor-top-column elementor-element elementor-element-3f8fdd8\" data-id=\"3f8fdd8\" data-element_type=\"column\">\n\t\t\t<div class=\"elementor-column-wrap elementor-element-populated\">\n\t\t\t\t\t\t\t<div class=\"elementor-widget-wrap\">\n\t\t\t\t\t\t<div class=\"elementor-element elementor-element-4c08d0f elementor-widget elementor-widget-image\" data-id=\"4c08d0f\" data-element_type=\"widget\" data-widget_type=\"image.default\">\n\t\t\t\t<div class=\"elementor-widget-container\">\n\t\t\t\t\t\t\t\t<div class=\"elementor-image\">\n\t\t\t\t\t\t\t\t\t\t\t\t<img width=\"200\" height=\"200\" src=\"https:\/\/culturesdavenir.fr\/wp-content\/uploads\/2018\/06\/5ad09cbb1586a.png\" class=\"elementor-animation-grow attachment-full size-full\" alt=\"\" loading=\"lazy\" srcset=\"https:\/\/culturesdavenir.fr\/wp-content\/uploads\/2018\/06\/5ad09cbb1586a.png 200w, https:\/\/culturesdavenir.fr\/wp-content\/uploads\/2018\/06\/5ad09cbb1586a-150x150.png 150w\" sizes=\"(max-width: 200px) 100vw, 200px\" \/>\t\t\t\t\t\t\t\t\t\t\t\t\t\t<\/div>\n\t\t\t\t\t\t<\/div>\n\t\t\t\t<\/div>\n\t\t\t\t<div class=\"elementor-element elementor-element-bec1014 elementor-widget elementor-widget-text-editor\" data-id=\"bec1014\" data-element_type=\"widget\" data-widget_type=\"text-editor.default\">\n\t\t\t\t<div class=\"elementor-widget-container\">\n\t\t\t\t\t\t\t\t<div class=\"elementor-text-editor elementor-clearfix\">\n\t\t\t\t<p><span style=\"color: #000000;\"><span class=\"ffwd_blog_style_object_message_hide\">Nous utilisons aussi la technique de l\u2019occultation\u00a0: nous mettons une b\u00e2che noire sur le sol. Dans cette atmosph\u00e8re chaude et humide les plantes vont avoir envie de pousser mais vont mourir \u00e0 cause du manque de lumi\u00e8re, lorsque ce n\u2019est pas la chaleur d\u2019un soleil tapant qui les ach\u00e8ve. Et c\u2019est au tour des bact\u00e9ries, champignons et petits invert\u00e9br\u00e9s de les d\u00e9grader. Lorsqu\u2019on enl\u00e8ve la b\u00e2che, le sol est presque pr\u00eat \u00e0 \u00eatre plant\u00e9 ! <\/span><\/span><\/p><p><span style=\"color: #000000;\"><span class=\"ffwd_blog_style_object_message_hide\">Contre les insectes un peu trop gourmands nous avons des filets anti-insectes pour les choux et les poireaux, on a pas mal d\u2019alli\u00e9s avec les oiseaux tout autour de la parcelle pour nous d\u00e9barrasser des chenilles. On fait aussi des purins d\u2019ortie et de consoude et des d\u00e9coctions de pr\u00eale pour les maladies et booster les plantes. <br \/>Nous faisons des essais avec des huiles essentielles bio car ce sont des concentr\u00e9s puissants de principes actifs. <br \/>Pour les limaces si les attaques sont vraiment tr\u00e8s importantes on utilise du ferramol (granules bleues utilisables en bio) mais on ne l\u2019utilise qu\u2019on dernier recours. Ca reste un produit industriel qui ne nous inspire pas totalement confiance, m\u00eame s\u2019il est certifi\u00e9 AB. Nous aimerions nous en passer totalement. <\/span><\/span><\/p><p><span class=\"ffwd_blog_style_object_message_hide\">\u00a0<\/span><\/p>\t\t\t\t\t<\/div>\n\t\t\t\t\t\t<\/div>\n\t\t\t\t<\/div>\n\t\t\t\t\t\t<\/div>\n\t\t\t\t\t<\/div>\n\t\t<\/div>\n\t\t\t\t<div class=\"elementor-column elementor-col-50 elementor-top-column elementor-element elementor-element-ab095ab\" data-id=\"ab095ab\" data-element_type=\"column\">\n\t\t\t<div class=\"elementor-column-wrap elementor-element-populated\">\n\t\t\t\t\t\t\t<div class=\"elementor-widget-wrap\">\n\t\t\t\t\t\t<div class=\"elementor-element elementor-element-5874a44 elementor-widget elementor-widget-text-editor\" data-id=\"5874a44\" data-element_type=\"widget\" data-widget_type=\"text-editor.default\">\n\t\t\t\t<div class=\"elementor-widget-container\">\n\t\t\t\t\t\t\t\t<div class=\"elementor-text-editor elementor-clearfix\">\n\t\t\t\t<p><strong><span class=\"ffwd_blog_style_object_message_hide\">Quels sont les autres lieux o\u00f9 nous pouvons nous procurer vos produits ? <br \/><\/span><\/strong><span class=\"ffwd_blog_style_object_message_hide\">Nous faisons des paniers que nous livrons les mardis \u00e0 l\u2019\u00e9picerie fines \u00e0 Thionville et au bar associatif la Chaou\u00e9e de 18 \u00e0 19h. <\/span><span class=\"ffwd_blog_style_object_message_hide\"><br \/>Nous faisons le march\u00e9 de Distroff les mercredis de 16h30 \u00e0 19h. <br \/>Et le march\u00e9 de Thionville les samedis matins. <\/span><\/p><p><strong>Comment comptez-vous d\u00e9velopper votre activit\u00e9 dans l\u2019avenir ? Nouveaux l\u00e9gumes ? produits transform\u00e9s ? augmentation des capacit\u00e9s de production ?<\/strong> <br \/>Nous aimerions augmenter nos capacit\u00e9s de production, cela devrait \u00eatre possible gr\u00e2ce aux nouvelles serres et \u00e0 l\u2019agrandissement des jardins. <br \/>Nous aimerions avoir des asperges, peut \u00eatre des artichauts et des petits fruits. <br \/>Nous faisons pas mal de sauces tomates et de coulis pour nous mais on aimerait pouvoir en vendre. <br \/>Nous r\u00eavons aussi de planter un verger diversifi\u00e9, de faire des tisanes, d\u2019autres produits transform\u00e9s (betteraves cuites, fruits secs, confitures\u2026), de proposer du miel du potager et de faire des cochons plein air\u2026 Malheureusement il n\u2019y a que 24h dans une journ\u00e9e et ces projets prendront certainement des ann\u00e9es avant d\u2019\u00eatre tous r\u00e9alis\u00e9s !<\/p><p>Merci \u00e0 toutes les deux d\u2019avoir r\u00e9pondu \u00e0 nos questions. Nous vous souhaitons beaucoup de courage, une m\u00e9t\u00e9o cl\u00e9mente et des plantes vigoureuses pendant toute cette ann\u00e9e de production !<\/p><p>Vous trouverez d\u2019autres informations sur le site de Tamara et M\u00e9ghann : <br \/><a href=\"https:\/\/www.auxsoeursdeschamps.fr\/notre-petit-jardin\/pr%C3%A9sentation-des-maraich%C3%A8res\/\">https:\/\/www.auxsoeursdeschamps.fr\/notre-petit-jardin\/pr%C3%A9sentation-des-maraich%C3%A8res\/<\/a><\/p>\t\t\t\t\t<\/div>\n\t\t\t\t\t\t<\/div>\n\t\t\t\t<\/div>\n\t\t\t\t\t\t<\/div>\n\t\t\t\t\t<\/div>\n\t\t<\/div>\n\t\t\t\t\t\t\t\t<\/div>\n\t\t\t\t\t<\/div>\n\t\t<\/section>\n\t\t\t\t\t\t\t\t\t<\/div>\n\t\t\t<\/div>\n\t\t\t\t\t<\/div>\n\t\t","protected":false},"excerpt":{"rendered":"<p>http:\/\/vps801176.ovh.net\/?page_id=152<\/p>\n","protected":false},"author":1,"featured_media":0,"parent":0,"menu_order":0,"comment_status":"closed","ping_status":"closed","template":"template-parts\/template-homepage.php","meta":[],"_links":{"self":[{"href":"https:\/\/culturesdavenir.fr\/index.php\/wp-json\/wp\/v2\/pages\/152"}],"collection":[{"href":"https:\/\/culturesdavenir.fr\/index.php\/wp-json\/wp\/v2\/pages"}],"about":[{"href":"https:\/\/culturesdavenir.fr\/index.php\/wp-json\/wp\/v2\/types\/page"}],"author":[{"embeddable":true,"href":"https:\/\/culturesdavenir.fr\/index.php\/wp-json\/wp\/v2\/users\/1"}],"replies":[{"embeddable":true,"href":"https:\/\/culturesdavenir.fr\/index.php\/wp-json\/wp\/v2\/comments?post=152"}],"version-history":[{"count":19,"href":"https:\/\/culturesdavenir.fr\/index.php\/wp-json\/wp\/v2\/pages\/152\/revisions"}],"predecessor-version":[{"id":378,"href":"https:\/\/culturesdavenir.fr\/index.php\/wp-json\/wp\/v2\/pages\/152\/revisions\/378"}],"wp:attachment":[{"href":"https:\/\/culturesdavenir.fr\/index.php\/wp-json\/wp\/v2\/media?parent=152"}],"curies":[{"name":"wp","href":"https:\/\/api.w.org\/{rel}","templated":true}]}}