{"id":111,"date":"2018-06-09T23:47:29","date_gmt":"2018-06-09T21:47:29","guid":{"rendered":"http:\/\/vps801176.ovh.net\/?page_id=111"},"modified":"2026-03-04T22:06:15","modified_gmt":"2026-03-04T21:06:15","slug":"contratsdistribution","status":"publish","type":"page","link":"https:\/\/culturesdavenir.fr\/index.php\/contratsdistribution\/","title":{"rendered":"Contrats &#038; Distribution"},"content":{"rendered":"\t\t<div data-elementor-type=\"wp-post\" data-elementor-id=\"111\" class=\"elementor elementor-111\">\n\t\t\t\t\t\t<div class=\"elementor-inner\">\n\t\t\t\t<div class=\"elementor-section-wrap\">\n\t\t\t\t\t\t\t\t\t<section class=\"elementor-section elementor-top-section elementor-element elementor-element-2d7119c2 elementor-section-content-middle elementor-section-boxed elementor-section-height-default elementor-section-height-default\" data-id=\"2d7119c2\" data-element_type=\"section\">\n\t\t\t\t\t\t<div class=\"elementor-container elementor-column-gap-no\">\n\t\t\t\t\t\t\t<div class=\"elementor-row\">\n\t\t\t\t\t<div class=\"elementor-column elementor-col-100 elementor-top-column elementor-element elementor-element-7ede9302\" data-id=\"7ede9302\" data-element_type=\"column\">\n\t\t\t<div class=\"elementor-column-wrap elementor-element-populated\">\n\t\t\t\t\t\t\t<div class=\"elementor-widget-wrap\">\n\t\t\t\t\t\t<div class=\"elementor-element elementor-element-1afc717 elementor-widget elementor-widget-heading\" data-id=\"1afc717\" data-element_type=\"widget\" data-widget_type=\"heading.default\">\n\t\t\t\t<div class=\"elementor-widget-container\">\n\t\t\t<h2 class=\"elementor-heading-title elementor-size-default\">Souscription des contrats<\/h2>\t\t<\/div>\n\t\t\t\t<\/div>\n\t\t\t\t<section class=\"elementor-section elementor-inner-section elementor-element elementor-element-7c0d50f elementor-section-content-top elementor-section-boxed elementor-section-height-default elementor-section-height-default\" data-id=\"7c0d50f\" data-element_type=\"section\">\n\t\t\t\t\t\t<div class=\"elementor-container elementor-column-gap-no\">\n\t\t\t\t\t\t\t<div class=\"elementor-row\">\n\t\t\t\t\t<div class=\"elementor-column elementor-col-50 elementor-inner-column elementor-element elementor-element-01262ac\" data-id=\"01262ac\" data-element_type=\"column\">\n\t\t\t<div class=\"elementor-column-wrap elementor-element-populated\">\n\t\t\t\t\t\t\t<div class=\"elementor-widget-wrap\">\n\t\t\t\t\t\t<div class=\"elementor-element elementor-element-5ef8cc4 elementor-widget elementor-widget-heading\" data-id=\"5ef8cc4\" data-element_type=\"widget\" data-widget_type=\"heading.default\">\n\t\t\t\t<div class=\"elementor-widget-container\">\n\t\t\t<h4 class=\"elementor-heading-title elementor-size-default\">Contrats<\/h4>\t\t<\/div>\n\t\t\t\t<\/div>\n\t\t\t\t<div class=\"elementor-element elementor-element-b92b38c elementor-widget elementor-widget-text-editor\" data-id=\"b92b38c\" data-element_type=\"widget\" data-widget_type=\"text-editor.default\">\n\t\t\t\t<div class=\"elementor-widget-container\">\n\t\t\t\t\t\t\t\t<div class=\"elementor-text-editor elementor-clearfix\">\n\t\t\t\t<div id=\"ShortCode_Div\"><div>Chaque producteur propose un ou plusieurs contrats en cours d&#8217;ann\u00e9e. Ces contrats sont sign\u00e9s entre le producteur et l&#8217;amapien, l&#8217;association ne servant que d&#8217;interm\u00e9diaire et de faciliteur. L&#8217;amapien doit alors proc\u00e9der au paiement pour l&#8217;ensemble des livraisons pr\u00e9vues par le contrat, avec un \u00e9ventuellement \u00e9chelonnement (bimestriel, trimestriel) pour les sommes les plus importantes.<\/div><div><div><b>Liste des contrats 2026 avec les tarifs :<\/b><\/div><div><a href=\"https:\/\/culturesdavenir.fr\/index.php\/contrats-2026\/\">Contrats 2026<\/a><\/div><\/div><\/div>\t\t\t\t\t<\/div>\n\t\t\t\t\t\t<\/div>\n\t\t\t\t<\/div>\n\t\t\t\t<div class=\"elementor-element elementor-element-a2451d0 elementor-widget elementor-widget-text-editor\" data-id=\"a2451d0\" data-element_type=\"widget\" data-widget_type=\"text-editor.default\">\n\t\t\t\t<div class=\"elementor-widget-container\">\n\t\t\t\t\t\t\t\t<div class=\"elementor-text-editor elementor-clearfix\">\n\t\t\t\t<p>Chaque ann\u00e9e en d\u00e9but de saison l&#8217;association organise une journ\u00e9e d\u00e9di\u00e9e \u00e0 la souscription des contrats. C&#8217;est le meilleur moment pour adh\u00e9rer (obligatoire avant toute souscription) et choisir les contrats qui vous int\u00e9ressent. Vous pouvez d&#8217;ores et d\u00e9j\u00e0 adh\u00e9rer \u00e0 l&#8217;association en remplissant le <a href=\"http:\/\/culturesdavenir.fr\/index.php\/lassociation\/\">bulletin d&#8217;adh\u00e9sion et&nbsp;en le renvoyant au si\u00e8ge de l&#8217;association<\/a>.<\/p>\n<p>D&#8217;autres contrats sont propos\u00e9s ponctuellement aux membres en cours d&#8217;ann\u00e9e. La souscription se fait les jeudis de distribution aupr\u00e8s des membres du comit\u00e9.&nbsp;<\/p>\n<p>Pour <strong>2026<\/strong>, la journ\u00e9e de souscription est fix\u00e9e au <strong><em>samedi 7 mars <\/em><i>de 10h \u00e0 13h <\/i><i>\u00e0 la salle Petit Prince de Yutz (pr\u00e8s du Gymnase Saint Exup\u00e9ry)<\/i><\/strong>.<\/p>\t\t\t\t\t<\/div>\n\t\t\t\t\t\t<\/div>\n\t\t\t\t<\/div>\n\t\t\t\t\t\t<\/div>\n\t\t\t\t\t<\/div>\n\t\t<\/div>\n\t\t\t\t<div class=\"elementor-column elementor-col-50 elementor-inner-column elementor-element elementor-element-cdb5732\" data-id=\"cdb5732\" data-element_type=\"column\">\n\t\t\t<div class=\"elementor-column-wrap elementor-element-populated\">\n\t\t\t\t\t\t\t<div class=\"elementor-widget-wrap\">\n\t\t\t\t\t\t<div class=\"elementor-element elementor-element-23b9612 elementor-widget elementor-widget-heading\" data-id=\"23b9612\" data-element_type=\"widget\" data-widget_type=\"heading.default\">\n\t\t\t\t<div class=\"elementor-widget-container\">\n\t\t\t<h4 class=\"elementor-heading-title elementor-size-default\">Comment souscrire<br><\/h4>\t\t<\/div>\n\t\t\t\t<\/div>\n\t\t\t\t<div class=\"elementor-element elementor-element-5c78890 elementor-widget elementor-widget-heading\" data-id=\"5c78890\" data-element_type=\"widget\" data-widget_type=\"heading.default\">\n\t\t\t\t<div class=\"elementor-widget-container\">\n\t\t\t<h4 class=\"elementor-heading-title elementor-size-default\">Puis-je acheter directement sans contrat les jours de distribution ?<br><\/h4>\t\t<\/div>\n\t\t\t\t<\/div>\n\t\t\t\t<div class=\"elementor-element elementor-element-e02b631 elementor-widget elementor-widget-text-editor\" data-id=\"e02b631\" data-element_type=\"widget\" data-widget_type=\"text-editor.default\">\n\t\t\t\t<div class=\"elementor-widget-container\">\n\t\t\t\t\t\t\t\t<div class=\"elementor-text-editor elementor-clearfix\">\n\t\t\t\t<div>Il ne peut y avoir d&#8217;\u00e9change d&#8217;argent entre les amapiens et les producteurs sur le lieu de distribution. Les b\u00e9n\u00e9voles de l&#8217;AMAP peuvent recueillir les ch\u00e8ques des contrats pass\u00e9s sur AmapJ. Ils seront remis par la suite aux producteurs.<\/div><div>Le lieu de distribution ne doit pas \u00eatre consid\u00e9r\u00e9 comme un march\u00e9 pour venir faire ses courses. Ce n&#8217;est pas une limite impos\u00e9e par Cultures d&#8217;avenir mais une interdiction l\u00e9gale. Les autres AMAP fonctionnent de la m\u00eame fa\u00e7on.<\/div><div>\u00a0<\/div>\t\t\t\t\t<\/div>\n\t\t\t\t\t\t<\/div>\n\t\t\t\t<\/div>\n\t\t\t\t<div class=\"elementor-element elementor-element-21b9779 elementor-widget elementor-widget-heading\" data-id=\"21b9779\" data-element_type=\"widget\" data-widget_type=\"heading.default\">\n\t\t\t\t<div class=\"elementor-widget-container\">\n\t\t\t<h4 class=\"elementor-heading-title elementor-size-default\">AmapJ<br><\/h4>\t\t<\/div>\n\t\t\t\t<\/div>\n\t\t\t\t<div class=\"elementor-element elementor-element-a63d9f5 elementor-widget elementor-widget-text-editor\" data-id=\"a63d9f5\" data-element_type=\"widget\" data-widget_type=\"text-editor.default\">\n\t\t\t\t<div class=\"elementor-widget-container\">\n\t\t\t\t\t\t\t\t<div class=\"elementor-text-editor elementor-clearfix\">\n\t\t\t\t<p>Cultures d&#8217;avenir utilise d\u00e9sormais AmapJ pour g\u00e9rer la souscription des contratset les relations avec les amapiens. Votre compte est cr\u00e9\u00e9 au moment de votre adh\u00e9sion et il vous permet de visualiser \/ souscrire les contrats au d\u00e9but puis tout au long de la saison.La documentation utilisateur est disponible ci-dessous :<\/p>\t\t\t\t\t<\/div>\n\t\t\t\t\t\t<\/div>\n\t\t\t\t<\/div>\n\t\t\t\t<div class=\"elementor-element elementor-element-3476b63 elementor-view-default elementor-widget elementor-widget-icon\" data-id=\"3476b63\" data-element_type=\"widget\" data-widget_type=\"icon.default\">\n\t\t\t\t<div class=\"elementor-widget-container\">\n\t\t\t\t\t<div class=\"elementor-icon-wrapper\">\n\t\t\t<a class=\"elementor-icon\" href=\"http:\/\/culturesdavenir.fr\/wp-content\/uploads\/2021\/03\/20210311-doc-amapj.pdf\" target=\"_blank\">\n\t\t\t<i aria-hidden=\"true\" class=\"far fa-file-alt\"><\/i>\t\t\t<\/a>\n\t\t<\/div>\n\t\t\t\t<\/div>\n\t\t\t\t<\/div>\n\t\t\t\t<div class=\"elementor-element elementor-element-49ff974 elementor-widget elementor-widget-text-editor\" data-id=\"49ff974\" data-element_type=\"widget\" data-widget_type=\"text-editor.default\">\n\t\t\t\t<div class=\"elementor-widget-container\">\n\t\t\t\t\t\t\t\t<div class=\"elementor-text-editor elementor-clearfix\">\n\t\t\t\t<p style=\"text-align: center;\">Documentation AmapJ<\/p>\t\t\t\t\t<\/div>\n\t\t\t\t\t\t<\/div>\n\t\t\t\t<\/div>\n\t\t\t\t\t\t<\/div>\n\t\t\t\t\t<\/div>\n\t\t<\/div>\n\t\t\t\t\t\t\t\t<\/div>\n\t\t\t\t\t<\/div>\n\t\t<\/section>\n\t\t\t\t<div class=\"elementor-element elementor-element-0d145e4 elementor-widget elementor-widget-heading\" data-id=\"0d145e4\" data-element_type=\"widget\" data-widget_type=\"heading.default\">\n\t\t\t\t<div class=\"elementor-widget-container\">\n\t\t\t<h2 class=\"elementor-heading-title elementor-size-default\">Distribution<\/h2>\t\t<\/div>\n\t\t\t\t<\/div>\n\t\t\t\t<div class=\"elementor-element elementor-element-952eb12 elementor-widget elementor-widget-heading\" data-id=\"952eb12\" data-element_type=\"widget\" data-widget_type=\"heading.default\">\n\t\t\t\t<div class=\"elementor-widget-container\">\n\t\t\t<h4 class=\"elementor-heading-title elementor-size-default\">Contenu des paniers<\/h4>\t\t<\/div>\n\t\t\t\t<\/div>\n\t\t\t\t<div class=\"elementor-element elementor-element-a37a61b elementor-widget elementor-widget-text-editor\" data-id=\"a37a61b\" data-element_type=\"widget\" data-widget_type=\"text-editor.default\">\n\t\t\t\t<div class=\"elementor-widget-container\">\n\t\t\t\t\t\t\t\t<div class=\"elementor-text-editor elementor-clearfix\">\n\t\t\t\t<div><div>Le contenu des paniers de l\u00e9gumes, par exemple, est fix\u00e9 semaine par semaine par les productrices. Un mail est envoy\u00e9, quelques jours avant la livraison, \u00e0 toutes les personnes ayant souscrit un tel contrat, listant les l\u00e9gumes qui seront livr\u00e9s. Il n&#8217;est pas possible de personnaliser le contenu sur place, de refuser un produit ou de l&#8217;\u00e9changer contre un autre produit sans quoi cela perturberait les paniers des amapiens suivants.<\/div><div>Pour d&#8217;autres contrats, le contenu est fix\u00e9 \u00e0 l&#8217;avance (nombre de yaourts au lait de ch\u00e8vre \/ lait de vache, nombre d&#8217;oeufs, &#8230;).<\/div><div>\u00a0<\/div><div>L&#8217;amapien doit se munir d&#8217;un contenant (sac, panier) lui permettant de transporter les produits des contrats souscrits apr\u00e8s son passage aupr\u00e8s de l&#8217;\u00e9tal des diff\u00e9rents producteurs. Chaque amapien constitue son panier avec l&#8217;aide des b\u00e9n\u00e9voles et\/ou des producteurs en respectant la liste \u00e9tablie par le producteur.<\/div><\/div>\t\t\t\t\t<\/div>\n\t\t\t\t\t\t<\/div>\n\t\t\t\t<\/div>\n\t\t\t\t<section class=\"elementor-section elementor-inner-section elementor-element elementor-element-99077bf elementor-section-content-top elementor-section-boxed elementor-section-height-default elementor-section-height-default\" data-id=\"99077bf\" data-element_type=\"section\">\n\t\t\t\t\t\t<div class=\"elementor-container elementor-column-gap-no\">\n\t\t\t\t\t\t\t<div class=\"elementor-row\">\n\t\t\t\t\t<div class=\"elementor-column elementor-col-50 elementor-inner-column elementor-element elementor-element-0076c06\" data-id=\"0076c06\" data-element_type=\"column\">\n\t\t\t<div class=\"elementor-column-wrap elementor-element-populated\">\n\t\t\t\t\t\t\t<div class=\"elementor-widget-wrap\">\n\t\t\t\t\t\t<div class=\"elementor-element elementor-element-677fb2f elementor-widget elementor-widget-heading\" data-id=\"677fb2f\" data-element_type=\"widget\" data-widget_type=\"heading.default\">\n\t\t\t\t<div class=\"elementor-widget-container\">\n\t\t\t<h4 class=\"elementor-heading-title elementor-size-default\">Que faire en cas de retard ou d'absence ?<\/h4>\t\t<\/div>\n\t\t\t\t<\/div>\n\t\t\t\t<div class=\"elementor-element elementor-element-45bb58c elementor-widget elementor-widget-text-editor\" data-id=\"45bb58c\" data-element_type=\"widget\" data-widget_type=\"text-editor.default\">\n\t\t\t\t<div class=\"elementor-widget-container\">\n\t\t\t\t\t\t\t\t<div class=\"elementor-text-editor elementor-clearfix\">\n\t\t\t\t<div>Tout panier qui n&#8217;aura pas \u00e9t\u00e9 r\u00e9clam\u00e9 sera redistribu\u00e9 entre les membres pr\u00e9sents pour aider \u00e0 la distribution. Vous pouvez demander \u00e0 un autre membre de prendre votre panier lors de vos absences ou si vous ne pouvez pas venir le chercher ponctuellement.<\/div><div>\u00a0<\/div>\t\t\t\t\t<\/div>\n\t\t\t\t\t\t<\/div>\n\t\t\t\t<\/div>\n\t\t\t\t<div class=\"elementor-element elementor-element-1c441c8 elementor-widget elementor-widget-heading\" data-id=\"1c441c8\" data-element_type=\"widget\" data-widget_type=\"heading.default\">\n\t\t\t\t<div class=\"elementor-widget-container\">\n\t\t\t<h4 class=\"elementor-heading-title elementor-size-default\">Participation aux distributions<\/h4>\t\t<\/div>\n\t\t\t\t<\/div>\n\t\t\t\t<div class=\"elementor-element elementor-element-42eb34a elementor-widget elementor-widget-text-editor\" data-id=\"42eb34a\" data-element_type=\"widget\" data-widget_type=\"text-editor.default\">\n\t\t\t\t<div class=\"elementor-widget-container\">\n\t\t\t\t\t\t\t\t<div class=\"elementor-text-editor elementor-clearfix\">\n\t\t\t\t<div>Il est demand\u00e9 aux amapiens, et cela fait partie du contrat moral lors de l&#8217;adh\u00e9sion \u00e0 l&#8217;association, de bien vouloir, 2 fois dans la saison au minimum, se rendre disponible lors d&#8217;une livraison pour aider les producteurs lors de la distribution. L&#8217;inscription aux distributions se fait sur <a href=\"\/amapj\/\" target=\"_blank\" rel=\"noopener\">AmapJ<\/a>.<\/div>\t\t\t\t\t<\/div>\n\t\t\t\t\t\t<\/div>\n\t\t\t\t<\/div>\n\t\t\t\t\t\t<\/div>\n\t\t\t\t\t<\/div>\n\t\t<\/div>\n\t\t\t\t<div class=\"elementor-column elementor-col-50 elementor-inner-column elementor-element elementor-element-a160208\" data-id=\"a160208\" data-element_type=\"column\">\n\t\t\t<div class=\"elementor-column-wrap elementor-element-populated\">\n\t\t\t\t\t\t\t<div class=\"elementor-widget-wrap\">\n\t\t\t\t\t\t<div class=\"elementor-element elementor-element-642a51c elementor-widget elementor-widget-heading\" data-id=\"642a51c\" data-element_type=\"widget\" data-widget_type=\"heading.default\">\n\t\t\t\t<div class=\"elementor-widget-container\">\n\t\t\t<h4 class=\"elementor-heading-title elementor-size-default\">Lieu<\/h4>\t\t<\/div>\n\t\t\t\t<\/div>\n\t\t\t\t<div class=\"elementor-element elementor-element-47f7e20 elementor-widget elementor-widget-text-editor\" data-id=\"47f7e20\" data-element_type=\"widget\" data-widget_type=\"text-editor.default\">\n\t\t\t\t<div class=\"elementor-widget-container\">\n\t\t\t\t\t\t\t\t<div class=\"elementor-text-editor elementor-clearfix\">\n\t\t\t\t<div><div><h4><b>Lieu de distribution habituel<\/b><\/h4><\/div><div>En temps normal les distributions des paniers ont lieu tous les jeudis de 18h30 \u00e0 19h30 sous le pr\u00e9au de l&#8217;\u00e9cole \u00e9l\u00e9mentaire Jacques Pr\u00e9vert de Yutz. L&#8217;entr\u00e9e se fait par le portail qui donne au 53 rue de la R\u00e9publique.<\/div><div><p>\u00a0<\/p><div>[osm_map_v3 map_center=&#8221;49.3547,6.1954&#8243; zoom=&#8221;16&#8243; width=&#8221;100%&#8221; height=&#8221;250&#8243; post_markers=&#8221;1&#8243; ]au\u00a0<\/div><\/div><\/div>\t\t\t\t\t<\/div>\n\t\t\t\t\t\t<\/div>\n\t\t\t\t<\/div>\n\t\t\t\t\t\t<\/div>\n\t\t\t\t\t<\/div>\n\t\t<\/div>\n\t\t\t\t\t\t\t\t<\/div>\n\t\t\t\t\t<\/div>\n\t\t<\/section>\n\t\t\t\t<div class=\"elementor-element elementor-element-6312388 elementor-widget elementor-widget-spacer\" data-id=\"6312388\" data-element_type=\"widget\" data-widget_type=\"spacer.default\">\n\t\t\t\t<div class=\"elementor-widget-container\">\n\t\t\t\t\t<div class=\"elementor-spacer\">\n\t\t\t<div class=\"elementor-spacer-inner\"><\/div>\n\t\t<\/div>\n\t\t\t\t<\/div>\n\t\t\t\t<\/div>\n\t\t\t\t\t\t<\/div>\n\t\t\t\t\t<\/div>\n\t\t<\/div>\n\t\t\t\t\t\t\t\t<\/div>\n\t\t\t\t\t<\/div>\n\t\t<\/section>\n\t\t\t\t\t\t\t\t\t<\/div>\n\t\t\t<\/div>\n\t\t\t\t\t<\/div>\n\t\t","protected":false},"excerpt":{"rendered":"<p>Souscription des contrats Contrats Chaque producteur propose un ou plusieurs contrats en cours d&#8217;ann\u00e9e. Ces contrats sont sign\u00e9s entre le producteur et l&#8217;amapien, l&#8217;association ne servant que d&#8217;interm\u00e9diaire et de faciliteur. L&#8217;amapien doit alors proc\u00e9der au paiement pour l&#8217;ensemble des livraisons pr\u00e9vues par le contrat, avec un \u00e9ventuellement \u00e9chelonnement (bimestriel, trimestriel) pour les sommes les&hellip;<\/p>\n","protected":false},"author":1,"featured_media":0,"parent":0,"menu_order":0,"comment_status":"closed","ping_status":"closed","template":"template-parts\/template-homepage.php","meta":[],"_links":{"self":[{"href":"https:\/\/culturesdavenir.fr\/index.php\/wp-json\/wp\/v2\/pages\/111"}],"collection":[{"href":"https:\/\/culturesdavenir.fr\/index.php\/wp-json\/wp\/v2\/pages"}],"about":[{"href":"https:\/\/culturesdavenir.fr\/index.php\/wp-json\/wp\/v2\/types\/page"}],"author":[{"embeddable":true,"href":"https:\/\/culturesdavenir.fr\/index.php\/wp-json\/wp\/v2\/users\/1"}],"replies":[{"embeddable":true,"href":"https:\/\/culturesdavenir.fr\/index.php\/wp-json\/wp\/v2\/comments?post=111"}],"version-history":[{"count":263,"href":"https:\/\/culturesdavenir.fr\/index.php\/wp-json\/wp\/v2\/pages\/111\/revisions"}],"predecessor-version":[{"id":1349,"href":"https:\/\/culturesdavenir.fr\/index.php\/wp-json\/wp\/v2\/pages\/111\/revisions\/1349"}],"wp:attachment":[{"href":"https:\/\/culturesdavenir.fr\/index.php\/wp-json\/wp\/v2\/media?parent=111"}],"curies":[{"name":"wp","href":"https:\/\/api.w.org\/{rel}","templated":true}]}}