{"id":140,"date":"2018-06-10T00:46:55","date_gmt":"2018-06-09T22:46:55","guid":{"rendered":"http:\/\/vps801176.ovh.net\/?page_id=140"},"modified":"2026-03-05T22:27:31","modified_gmt":"2026-03-05T21:27:31","slug":"lassociation","status":"publish","type":"page","link":"http:\/\/culturesdavenir.fr\/index.php\/lassociation\/","title":{"rendered":"L&#8217;association"},"content":{"rendered":"\t\t<div data-elementor-type=\"wp-post\" data-elementor-id=\"140\" class=\"elementor elementor-140\">\n\t\t\t\t\t\t<div class=\"elementor-inner\">\n\t\t\t\t<div class=\"elementor-section-wrap\">\n\t\t\t\t\t\t\t\t\t<section class=\"elementor-section elementor-top-section elementor-element elementor-element-62096ddd elementor-section-content-top elementor-section-height-min-height elementor-section-items-top elementor-section-boxed elementor-section-height-default\" data-id=\"62096ddd\" data-element_type=\"section\" data-settings=\"{&quot;background_background&quot;:&quot;classic&quot;}\">\n\t\t\t\t\t\t<div class=\"elementor-container elementor-column-gap-no\">\n\t\t\t\t\t\t\t<div class=\"elementor-row\">\n\t\t\t\t\t<div class=\"elementor-column elementor-col-100 elementor-top-column elementor-element elementor-element-3cab2f8\" data-id=\"3cab2f8\" data-element_type=\"column\">\n\t\t\t<div class=\"elementor-column-wrap elementor-element-populated\">\n\t\t\t\t\t\t\t<div class=\"elementor-widget-wrap\">\n\t\t\t\t\t\t<div class=\"elementor-element elementor-element-5eb21952 elementor-widget elementor-widget-heading\" data-id=\"5eb21952\" data-element_type=\"widget\" data-widget_type=\"heading.default\">\n\t\t\t\t<div class=\"elementor-widget-container\">\n\t\t\t<h4 class=\"elementor-heading-title elementor-size-default\">Fonctionnement de l'association<\/h4>\t\t<\/div>\n\t\t\t\t<\/div>\n\t\t\t\t<div class=\"elementor-element elementor-element-6cdda9ef elementor-widget elementor-widget-text-editor\" data-id=\"6cdda9ef\" data-element_type=\"widget\" data-widget_type=\"text-editor.default\">\n\t\t\t\t<div class=\"elementor-widget-container\">\n\t\t\t\t\t\t\t\t<div class=\"elementor-text-editor elementor-clearfix\">\n\t\t\t\t<p style=\"text-align: left;\"><b>Cultures<\/b><strong> d&#8217;avenir <\/strong>est une association qui s&#8217;inscrit dans le mouvement global des <b>AMAP<\/b> (<b>A<\/b>ssociation pour le <b>M<\/b>aintien d&#8217;une <b>A<\/b>griculture <b>P<\/b>aysanne).\u00a0 G\u00e9r\u00e9e int\u00e9gralement par des b\u00e9n\u00e9voles elle propose de mettre en relation des consommateurs qui souhaitent \u00eatre des acteurs du changement avec des paysans locaux engag\u00e9s \u00e0 produire une alimentation saine pour la population et pour la nature en g\u00e9n\u00e9ral.<\/p><p style=\"text-align: left;\"><strong>\u00a0Quelques chiffres :<\/strong><\/p><p style=\"text-align: left;\">Date de cr\u00e9ation : Mai 2018<\/p><p style=\"text-align: left;\">Nombre de familles adh\u00e9rentes : 2018 : 40 &#8211; 2019 : 70 &#8211; 2020 : 80<\/p><p style=\"text-align: left;\">Nombre de producteurs : 2018 : 5 &#8211; 2019 : 9 &#8211; 2020 : 11<\/p><p>Les statuts de l&#8217;association sont disponibles ici : <a href=\"https:\/\/culturesdavenir.fr\/wp-content\/uploads\/2019\/01\/Statuts-Cultures-davenir.pdf\"><strong>t\u00e9l\u00e9charger<\/strong><\/a><\/p><p>La fiche d&#8217;adh\u00e9sion 2026 est disponible ici :<strong> <a href=\"http:\/\/culturesdavenir.fr\/wp-content\/uploads\/2026\/03\/Reglement-Interieur-version-Adherent-2026.pdf\" target=\"_blank\" rel=\"noopener\">t\u00e9l\u00e9charger<\/a><\/strong><\/p><p>Les coordonn\u00e9es bancaires de l&#8217;association (RIB) sont disponibles ici : <a href=\"http:\/\/culturesdavenir.fr\/wp-content\/uploads\/2022\/02\/rib-Amap.pdf\" data-wplink-edit=\"true\"><strong>t\u00e9l\u00e9charger<\/strong><\/a><\/p><p>Vous pouvez adh\u00e9rer en remplissant votre bulletin d&#8217;adh\u00e9sion et en le renvoyant par courrier au si\u00e8ge social :<\/p><p><b>AMAP Cultures d&#8217;avenir<\/b><\/p><p><b>31, Rue Louise Michel<\/b><\/p><p><b>57970 YUTZ<\/b><\/p>\t\t\t\t\t<\/div>\n\t\t\t\t\t\t<\/div>\n\t\t\t\t<\/div>\n\t\t\t\t\t\t<\/div>\n\t\t\t\t\t<\/div>\n\t\t<\/div>\n\t\t\t\t\t\t\t\t<\/div>\n\t\t\t\t\t<\/div>\n\t\t<\/section>\n\t\t\t\t<section class=\"elementor-section elementor-top-section elementor-element elementor-element-11d98e0 elementor-section-boxed elementor-section-height-default elementor-section-height-default\" data-id=\"11d98e0\" data-element_type=\"section\">\n\t\t\t\t\t\t<div class=\"elementor-container elementor-column-gap-default\">\n\t\t\t\t\t\t\t<div class=\"elementor-row\">\n\t\t\t\t\t<div class=\"elementor-column elementor-col-100 elementor-top-column elementor-element elementor-element-d672d9f\" data-id=\"d672d9f\" data-element_type=\"column\">\n\t\t\t<div class=\"elementor-column-wrap elementor-element-populated\">\n\t\t\t\t\t\t\t<div class=\"elementor-widget-wrap\">\n\t\t\t\t\t\t<div class=\"elementor-element elementor-element-0c57c68 elementor-widget elementor-widget-heading\" data-id=\"0c57c68\" data-element_type=\"widget\" data-widget_type=\"heading.default\">\n\t\t\t\t<div class=\"elementor-widget-container\">\n\t\t\t<h4 class=\"elementor-heading-title elementor-size-default\">Donn\u00e9es personnelles<\/h4>\t\t<\/div>\n\t\t\t\t<\/div>\n\t\t\t\t<div class=\"elementor-element elementor-element-d55a7dc elementor-widget elementor-widget-text-editor\" data-id=\"d55a7dc\" data-element_type=\"widget\" data-widget_type=\"text-editor.default\">\n\t\t\t\t<div class=\"elementor-widget-container\">\n\t\t\t\t\t\t\t\t<div class=\"elementor-text-editor elementor-clearfix\">\n\t\t\t\t<p>Les donn\u00e9es personnelles recueillies sur ce site r\u00e9sultent de la communication volontaire d\u2019une adresse de courrier \u00e9lectronique et\/ou d\u2019adresse personnelle lors de votre adh\u00e9sion \u00e0 notre association, que se soit par mail ou par courrier.Ces informations sont stock\u00e9es dans une base de donn\u00e9es. Elles ne seront jamais affich\u00e9es sur le site ou utilis\u00e9es pour quelque raison que ce soit sans votre accord.<\/p><p>En aucun cas ces donn\u00e9es ne seront c\u00e9d\u00e9es ou vendues \u00e0 des tiers. Votre adresse mail sera ajout\u00e9e \u00e0 notre liste de diffusion pour recevoir les information de l&#8217;AMAP Cultures d&#8217;avenir ou pour recevoir les notifications en provenance d&#8217;AmapJ.<\/p><div class=\"page\" title=\"Page 17\"><div class=\"section\"><div class=\"layoutArea\"><div class=\"column\"><p>Afin de prot\u00e9ger la confidentialit\u00e9 de vos donn\u00e9es personnelles, l\u2019association\u00a0 Cultures d&#8217;avenir s\u2019engage \u00e0 ne pas divulguer, ne pas transmettre, ni partager vos donn\u00e9es personnelles avec d\u2019autres entit\u00e9s, entreprises ou organismes, quels qu\u2019ils soient, conform\u00e9ment au R\u00e8glement G\u00e9n\u00e9ral de Protection des Donn\u00e9es de 2018 sur la protection des donn\u00e9es personnelles et \u00e0 notre politique de protection des donn\u00e9es.<\/p><\/div><\/div><\/div><\/div><p>Vous disposez d\u2019un droit \u00e0 l\u2019information, d\u2019acc\u00e8s, \u00e0 la limitation de traitement, d\u2019opposition, de rectification, de portabilit\u00e9 et de suppression des donn\u00e9es qui vous concernent.<\/p><p>Pour exercer ce droit, contactez l\u2019association par mail : <a href=\"mailto:contact@culturesdavenir.fr\">contact@culturesdavenir.fr<\/a><\/p>\t\t\t\t\t<\/div>\n\t\t\t\t\t\t<\/div>\n\t\t\t\t<\/div>\n\t\t\t\t\t\t<\/div>\n\t\t\t\t\t<\/div>\n\t\t<\/div>\n\t\t\t\t\t\t\t\t<\/div>\n\t\t\t\t\t<\/div>\n\t\t<\/section>\n\t\t\t\t<section class=\"elementor-section elementor-top-section elementor-element elementor-element-34ba098 elementor-section-boxed elementor-section-height-default elementor-section-height-default\" data-id=\"34ba098\" data-element_type=\"section\" data-settings=\"{&quot;background_background&quot;:&quot;classic&quot;}\">\n\t\t\t\t\t\t\t<div class=\"elementor-background-overlay\"><\/div>\n\t\t\t\t\t\t\t<div class=\"elementor-container elementor-column-gap-default\">\n\t\t\t\t\t\t\t<div class=\"elementor-row\">\n\t\t\t\t\t<div class=\"elementor-column elementor-col-100 elementor-top-column elementor-element elementor-element-821592a\" data-id=\"821592a\" data-element_type=\"column\">\n\t\t\t<div class=\"elementor-column-wrap elementor-element-populated\">\n\t\t\t\t\t\t\t<div class=\"elementor-widget-wrap\">\n\t\t\t\t\t\t<div class=\"elementor-element elementor-element-120c9cb7 elementor-widget elementor-widget-heading\" data-id=\"120c9cb7\" data-element_type=\"widget\" data-widget_type=\"heading.default\">\n\t\t\t\t<div class=\"elementor-widget-container\">\n\t\t\t<h4 class=\"elementor-heading-title elementor-size-default\">Bureau<\/h4>\t\t<\/div>\n\t\t\t\t<\/div>\n\t\t\t\t<section class=\"elementor-section elementor-inner-section elementor-element elementor-element-40c2eea elementor-section-boxed elementor-section-height-default elementor-section-height-default\" data-id=\"40c2eea\" data-element_type=\"section\">\n\t\t\t\t\t\t<div class=\"elementor-container elementor-column-gap-default\">\n\t\t\t\t\t\t\t<div class=\"elementor-row\">\n\t\t\t\t\t<div class=\"elementor-column elementor-col-50 elementor-inner-column elementor-element elementor-element-7d01204\" data-id=\"7d01204\" data-element_type=\"column\">\n\t\t\t<div class=\"elementor-column-wrap elementor-element-populated\">\n\t\t\t\t\t\t\t<div class=\"elementor-widget-wrap\">\n\t\t\t\t\t\t<div class=\"elementor-element elementor-element-50ffcd9 elementor-widget elementor-widget-text-editor\" data-id=\"50ffcd9\" data-element_type=\"widget\" data-widget_type=\"text-editor.default\">\n\t\t\t\t<div class=\"elementor-widget-container\">\n\t\t\t\t\t\t\t\t<div class=\"elementor-text-editor elementor-clearfix\">\n\t\t\t\t<p><b>Laura Regnery<\/b><\/p>\n<p>PRESIDENTE<\/p>\t\t\t\t\t<\/div>\n\t\t\t\t\t\t<\/div>\n\t\t\t\t<\/div>\n\t\t\t\t\t\t<\/div>\n\t\t\t\t\t<\/div>\n\t\t<\/div>\n\t\t\t\t<div class=\"elementor-column elementor-col-50 elementor-inner-column elementor-element elementor-element-774f528\" data-id=\"774f528\" data-element_type=\"column\">\n\t\t\t<div class=\"elementor-column-wrap elementor-element-populated\">\n\t\t\t\t\t\t\t<div class=\"elementor-widget-wrap\">\n\t\t\t\t\t\t<div class=\"elementor-element elementor-element-1c70a05 elementor-widget elementor-widget-text-editor\" data-id=\"1c70a05\" data-element_type=\"widget\" data-widget_type=\"text-editor.default\">\n\t\t\t\t<div class=\"elementor-widget-container\">\n\t\t\t\t\t\t\t\t<div class=\"elementor-text-editor elementor-clearfix\">\n\t\t\t\t<p><strong>Laurent Aschbacher<\/strong><\/p><p>VICE-PRESIDENT<\/p>\t\t\t\t\t<\/div>\n\t\t\t\t\t\t<\/div>\n\t\t\t\t<\/div>\n\t\t\t\t\t\t<\/div>\n\t\t\t\t\t<\/div>\n\t\t<\/div>\n\t\t\t\t\t\t\t\t<\/div>\n\t\t\t\t\t<\/div>\n\t\t<\/section>\n\t\t\t\t<section class=\"elementor-section elementor-inner-section elementor-element elementor-element-b447cee elementor-section-boxed elementor-section-height-default elementor-section-height-default\" data-id=\"b447cee\" data-element_type=\"section\">\n\t\t\t\t\t\t<div class=\"elementor-container elementor-column-gap-default\">\n\t\t\t\t\t\t\t<div class=\"elementor-row\">\n\t\t\t\t\t<div class=\"elementor-column elementor-col-50 elementor-inner-column elementor-element elementor-element-f1e7b8c\" data-id=\"f1e7b8c\" data-element_type=\"column\">\n\t\t\t<div class=\"elementor-column-wrap elementor-element-populated\">\n\t\t\t\t\t\t\t<div class=\"elementor-widget-wrap\">\n\t\t\t\t\t\t<div class=\"elementor-element elementor-element-3a180ab elementor-widget elementor-widget-text-editor\" data-id=\"3a180ab\" data-element_type=\"widget\" data-widget_type=\"text-editor.default\">\n\t\t\t\t<div class=\"elementor-widget-container\">\n\t\t\t\t\t\t\t\t<div class=\"elementor-text-editor elementor-clearfix\">\n\t\t\t\t<p><strong>Laurence Morel<\/strong><\/p><p>TRESORIERE<\/p>\t\t\t\t\t<\/div>\n\t\t\t\t\t\t<\/div>\n\t\t\t\t<\/div>\n\t\t\t\t\t\t<\/div>\n\t\t\t\t\t<\/div>\n\t\t<\/div>\n\t\t\t\t<div class=\"elementor-column elementor-col-50 elementor-inner-column elementor-element elementor-element-5e18354\" data-id=\"5e18354\" data-element_type=\"column\">\n\t\t\t<div class=\"elementor-column-wrap elementor-element-populated\">\n\t\t\t\t\t\t\t<div class=\"elementor-widget-wrap\">\n\t\t\t\t\t\t<div class=\"elementor-element elementor-element-576f062 elementor-widget elementor-widget-text-editor\" data-id=\"576f062\" data-element_type=\"widget\" data-widget_type=\"text-editor.default\">\n\t\t\t\t<div class=\"elementor-widget-container\">\n\t\t\t\t\t\t\t\t<div class=\"elementor-text-editor elementor-clearfix\">\n\t\t\t\t<p><strong>Marie-Agn\u00e8s Aschbacher<br \/><\/strong><\/p><p>SECRETAIRE<\/p>\t\t\t\t\t<\/div>\n\t\t\t\t\t\t<\/div>\n\t\t\t\t<\/div>\n\t\t\t\t\t\t<\/div>\n\t\t\t\t\t<\/div>\n\t\t<\/div>\n\t\t\t\t\t\t\t\t<\/div>\n\t\t\t\t\t<\/div>\n\t\t<\/section>\n\t\t\t\t\t\t<\/div>\n\t\t\t\t\t<\/div>\n\t\t<\/div>\n\t\t\t\t\t\t\t\t<\/div>\n\t\t\t\t\t<\/div>\n\t\t<\/section>\n\t\t\t\t\t\t\t\t\t<\/div>\n\t\t\t<\/div>\n\t\t\t\t\t<\/div>\n\t\t","protected":false},"excerpt":{"rendered":"<p>Fonctionnement de l&#8217;association Cultures d&#8217;avenir est une association qui s&#8217;inscrit dans le mouvement global des AMAP (Association pour le Maintien d&#8217;une Agriculture Paysanne).\u00a0 G\u00e9r\u00e9e int\u00e9gralement par des b\u00e9n\u00e9voles elle propose de mettre en relation des consommateurs qui souhaitent \u00eatre des acteurs du changement avec des paysans locaux engag\u00e9s \u00e0 produire une alimentation saine pour la&hellip;<\/p>\n","protected":false},"author":1,"featured_media":0,"parent":0,"menu_order":0,"comment_status":"closed","ping_status":"closed","template":"template-parts\/template-homepage.php","meta":[],"_links":{"self":[{"href":"http:\/\/culturesdavenir.fr\/index.php\/wp-json\/wp\/v2\/pages\/140"}],"collection":[{"href":"http:\/\/culturesdavenir.fr\/index.php\/wp-json\/wp\/v2\/pages"}],"about":[{"href":"http:\/\/culturesdavenir.fr\/index.php\/wp-json\/wp\/v2\/types\/page"}],"author":[{"embeddable":true,"href":"http:\/\/culturesdavenir.fr\/index.php\/wp-json\/wp\/v2\/users\/1"}],"replies":[{"embeddable":true,"href":"http:\/\/culturesdavenir.fr\/index.php\/wp-json\/wp\/v2\/comments?post=140"}],"version-history":[{"count":109,"href":"http:\/\/culturesdavenir.fr\/index.php\/wp-json\/wp\/v2\/pages\/140\/revisions"}],"predecessor-version":[{"id":1368,"href":"http:\/\/culturesdavenir.fr\/index.php\/wp-json\/wp\/v2\/pages\/140\/revisions\/1368"}],"wp:attachment":[{"href":"http:\/\/culturesdavenir.fr\/index.php\/wp-json\/wp\/v2\/media?parent=140"}],"curies":[{"name":"wp","href":"https:\/\/api.w.org\/{rel}","templated":true}]}}